{"id":14,"date":"2023-03-26T16:19:28","date_gmt":"2023-03-26T14:19:28","guid":{"rendered":"https:\/\/blutronics.com\/?page_id=14"},"modified":"2025-04-10T15:55:19","modified_gmt":"2025-04-10T13:55:19","slug":"products-customization","status":"publish","type":"page","link":"https:\/\/www.blutronics.com\/fr\/products-customization\/","title":{"rendered":"Services Personnalisation Produits"},"content":{"rendered":"\r\n<h1 class=\"wp-block-heading\"><strong>Services Personnalisation Produits<\/strong><\/h1>\r\n\r\n\r\n\r\n<p>Bienvenue chez <strong>BLUTRONICS<\/strong>, un fabricant leader de lecteurs de cartes \u00e0 puce de haute technologie. <\/p>\r\n\r\n\r\n\r\n<p>En plus des appareils standards, nous proposons des <strong>solutions sur mesure<\/strong> pour les entreprises, les agences gouvernementales et les partenaires commerciaux, garantissant la qualit\u00e9, la s\u00e9curit\u00e9 et l&rsquo;alignement avec votre identit\u00e9 de marque simplement d\u00e9finie comme des services de personnalisation de produits.<\/p>\r\n\r\n\r\n\r\n<p>Nous proposons des solutions personnalis\u00e9es aux fabricants de syst\u00e8mes int\u00e9gr\u00e9s tels que les <a href=\"https:\/\/fr.wikipedia.org\/wiki\/Vending_machine\" target=\"_blank\" rel=\"noreferrer noopener\">distributeurs automatiques<\/a>, les <a href=\"https:\/\/fr.wikipedia.org\/wiki\/Voituresharing\">syst\u00e8mes d&rsquo;autopartage<\/a><a href=\"https:\/\/fr.wikipedia.org\/wiki\/Voituresharing\" target=\"_blank\" rel=\"ne fait pas r\u00e9f\u00e9rence \u00e0 noopener\"><\/a>, les <a href=\"https:\/\/fr.wikipedia.org\/wiki\/Programme_de_fid\u00e9lit\u00e9\">programmes de fid\u00e9lisation de la client\u00e8le<\/a><a href=\"https:\/\/fr.wikipedia.org\/wiki\/Programme_de_fid\u00e9lit\u00e9\" target=\"_blank\" rel=\"noreferrer noopener\"><\/a> et les syst\u00e8mes de contr\u00f4le d&rsquo;acc\u00e8s<\/p>\r\n\r\n\r\n\r\n<figure class=\"wp-block-image size-full is-resized\"><img loading=\"lazy\" decoding=\"async\" width=\"800\" height=\"746\" src=\"https:\/\/www.blutronics.com\/wp-content\/uploads\/2025\/04\/custom_design.jpg\" alt=\"blutronics products customization services\" class=\"wp-image-917\" style=\"width:500px\" srcset=\"https:\/\/www.blutronics.com\/wp-content\/uploads\/2025\/04\/custom_design.jpg 800w, https:\/\/www.blutronics.com\/wp-content\/uploads\/2025\/04\/custom_design-300x280.jpg 300w, https:\/\/www.blutronics.com\/wp-content\/uploads\/2025\/04\/custom_design-768x716.jpg 768w\" sizes=\"auto, (max-width: 800px) 100vw, 800px\" \/><\/figure>\r\n\r\n\r\n\r\n<h2 class=\"wp-block-heading\" style=\"font-style:normal;font-weight:600\">Services Personnalisation Produits Avanc\u00e9s<\/h2>\r\n\r\n\r\n\r\n<h3 class=\"wp-block-heading\" style=\"font-style:normal;font-weight:600\">1. <strong>Impression de logo et image de marque<\/strong><\/h3>\r\n\r\n\r\n\r\n<ul class=\"wp-block-list\">\r\n<li>Appliquez votre logo, vos couleurs d&rsquo;entreprise ou votre texte personnalis\u00e9 directement sur le <a href=\"https:\/\/www.blutronics.com\/fr\/blutronics-bludrive-ii-ccid\/\" target=\"_blank\" rel=\"noreferrer noopener\">lecteur<\/a>.<\/li>\r\n\r\n\r\n\r\n<li>Technologies d&rsquo;impression durables s\u00e9rigraphie pour des r\u00e9sultats durables.<\/li>\r\n<\/ul>\r\n\r\n\r\n\r\n<h3 class=\"wp-block-heading\" style=\"font-style:normal;font-weight:600\">2. <strong>Conception Emballage Personnalis\u00e9<\/strong><\/h3>\r\n\r\n\r\n\r\n<ul class=\"wp-block-list\">\r\n<li>Bo\u00eetes sur mesure, blisters ou emballages \u00e9cologiques avec votre marque.<\/li>\r\n\r\n\r\n\r\n<li>Solutions pr\u00eates \u00e0 l&#8217;emploi (accrocheuses) ou industrielles (fonctionnelles et protectrices).<\/li>\r\n<\/ul>\r\n\r\n\r\n\r\n<h3 class=\"wp-block-heading\" style=\"font-style:normal;font-weight:600\">3. <strong>D\u00e9veloppement Appareils Personnalis\u00e9s<\/strong><\/h3>\r\n\r\n\r\n\r\n<ul class=\"wp-block-list\">\r\n<li>Concevez des lecteurs de cartes \u00e0 puce <strong>construits selon vos sp\u00e9cifications<\/strong>, notamment\u00a0:\r\n<ul class=\"wp-block-list\">\r\n<li>Connectivit\u00e9 am\u00e9lior\u00e9e (<a href=\"https:\/\/en.wikipedia.org\/wiki\/USB-C\">USB<\/a><a href=\"https:\/\/fr.wikipedia.org\/wiki\/USB-C\" target=\"_blank\" rel=\"ne fait pas r\u00e9f\u00e9rence \u00e0 noopener\">&#8211;<\/a><a href=\"https:\/\/fr.wikipedia.org\/wiki\/USB-C\">C<\/a>, <a href=\"https:\/\/fr.wikipedia.org\/wiki\/Near-field_communication\" target=\"_blank\" rel=\"ne fait pas r\u00e9f\u00e9rence \u00e0 noopener\">NFC<\/a>).<\/li>\r\n\r\n\r\n\r\n<li>Facteurs de forme sp\u00e9ciaux (portable, bureau, syst\u00e8mes embarqu\u00e9s).<\/li>\r\n\r\n\r\n\r\n<li>Exigences de s\u00e9curit\u00e9 \u00e9lev\u00e9es (chiffrement, <a href=\"https:\/\/fr.wikipedia.org\/wiki\/CCID_(protocol)\" target=\"_blank\" rel=\"noreferrer noopener\">certifications CCID <\/a>).<\/li>\r\n<\/ul>\r\n<\/li>\r\n<\/ul>\r\n\r\n\r\n\r\n<h3 class=\"wp-block-heading\" style=\"font-style:normal;font-weight:600\">4. <strong>Conseil Technique<\/strong><\/h3>\r\n\r\n\r\n\r\n<ul class=\"wp-block-list\">\r\n<li>\u00c9quipe d&rsquo;ing\u00e9nierie d\u00e9di\u00e9e pour analyser vos besoins et proposer des solutions optimis\u00e9es.<\/li>\r\n\r\n\r\n\r\n<li>Conseils sur les mat\u00e9riaux, le micrologiciel ou l&rsquo;int\u00e9gration avec les logiciels existants.<\/li>\r\n<\/ul>\r\n\r\n\r\n\r\n<h3 class=\"wp-block-heading\" style=\"font-style:normal;font-weight:600\">5. Options de Commande Flexibles<\/h3>\r\n\r\n\r\n\r\n<p>Nous rendons la personnalisation accessible avec des solutions de commande adaptables adapt\u00e9es \u00e0 vos besoins. <\/p>\r\n\r\n\r\n\r\n<p>Que vous ayez besoin de petits lots pour des tests ou d&rsquo;une production \u00e0 grande \u00e9chelle, nous r\u00e9pondons aux commandes de toutes tailles sans minimum restrictif.<\/p>\r\n\r\n\r\n\r\n<p>Notre commande flexible comprend :<\/p>\r\n\r\n\r\n\r\n<ul class=\"wp-block-list\">\r\n<li><strong>Quantit\u00e9s prototypes<\/strong> \u2013 Parfait pour la validation des produits<\/li>\r\n\r\n\r\n\r\n<li><strong>Production en petits lots<\/strong> \u2013 Id\u00e9al pour les programmes pilotes<\/li>\r\n\r\n\r\n\r\n<li><strong>Fabrication en volume<\/strong> \u2013 Optimis\u00e9e pour les besoins des entreprises<\/li>\r\n<\/ul>\r\n\r\n\r\n\r\n<p>B\u00e9n\u00e9ficiez de la m\u00eame personnalisation premium (impression de logo, emballage, ing\u00e9nierie compl\u00e8te de l&rsquo;appareil) quelle que soit la taille de la commande. <\/p>\r\n\r\n\r\n\r\n<p>Nous proposons des prix transparents, un d\u00e9lai d&rsquo;ex\u00e9cution rapide des \u00e9chantillons et une planification de production \u00e9volutive pour \u00e9voluer avec votre demande.<\/p>\r\n\r\n\r\n\r\n<p>Aucun projet n\u2019est trop petit \u2013 contactez-nous pour discuter de vos besoins.<\/p>\r\n\r\n\r\n\r\n<h2 class=\"wp-block-heading\" style=\"font-style:normal;font-weight:600\"><strong>Pourquoi Nous Choisir?<\/strong><\/h2>\r\n\r\n\r\n\r\n<ul class=\"wp-block-list\">\r\n<li><strong>Flexibilit\u00e9\u00a0:<\/strong> nous adaptons chaque d\u00e9tail \u00e0 votre projet.<\/li>\r\n\r\n\r\n\r\n<li><strong>Qualit\u00e9 industrielle\u00a0:<\/strong> Composants certifi\u00e9s, rigoureusement test\u00e9s pour les environnements critiques.<\/li>\r\n\r\n\r\n\r\n<li><strong>D\u00e9lai d&rsquo;ex\u00e9cution rapide\u00a0:<\/strong> Prototypage rapide et production \u00e9volutive.<\/li>\r\n<\/ul>\r\n\r\n\r\n\r\n<p><strong>Contactez-nous<\/strong> pour un devis gratuit ou un projet de conception\u00a0!<\/p>\r\n\r\n\r\n\r\n<hr class=\"wp-block-separator has-alpha-channel-opacity\">\r\n\r\n\r\n\r\n<p><\/p>\r\n","protected":false},"excerpt":{"rendered":"<p>Services Personnalisation Produits Bienvenue chez BLUTRONICS, un fabricant leader de lecteurs de cartes \u00e0 puce de haute technologie. En plus des appareils standards, nous proposons des solutions sur mesure pour les entreprises, les agences gouvernementales et les partenaires commerciaux, garantissant la qualit\u00e9, la s\u00e9curit\u00e9 et l&rsquo;alignement avec votre identit\u00e9 de marque simplement d\u00e9finie comme des [&hellip;]<\/p>\n","protected":false},"author":1,"featured_media":0,"parent":0,"menu_order":0,"comment_status":"closed","ping_status":"closed","template":"","meta":{"footnotes":""},"class_list":["post-14","page","type-page","status-publish","hentry","post"],"yoast_head":"<!-- This site is optimized with the Yoast SEO plugin v27.4 - https:\/\/yoast.com\/product\/yoast-seo-wordpress\/ -->\n<title>Services Personnalisation Produits<\/title>\n<meta name=\"description\" content=\"services de personnalisation de produits lecteurs de cartes \u00e0 puce de l&#039;impression de logo emballage personnalis\u00e9 aux solutions enti\u00e8rement sur mesure\" \/>\n<meta name=\"robots\" content=\"index, follow, max-snippet:-1, max-image-preview:large, max-video-preview:-1\" \/>\n<link rel=\"canonical\" href=\"https:\/\/www.blutronics.com\/fr\/products-customization\/\" \/>\n<meta property=\"og:locale\" content=\"fr_FR\" \/>\n<meta property=\"og:type\" content=\"article\" \/>\n<meta property=\"og:title\" content=\"Services Personnalisation Produits\" \/>\n<meta property=\"og:description\" content=\"services de personnalisation de produits lecteurs de cartes \u00e0 puce de l&#039;impression de logo emballage personnalis\u00e9 aux solutions enti\u00e8rement sur mesure\" \/>\n<meta property=\"og:url\" content=\"https:\/\/www.blutronics.com\/en\/products-customization\/\" \/>\n<meta property=\"og:site_name\" content=\"Smart Card Readers ISO7816 NFC Manufacturer\" \/>\n<meta property=\"article:modified_time\" content=\"2025-04-10T13:55:19+00:00\" \/>\n<meta property=\"og:image\" content=\"https:\/\/www.blutronics.com\/wp-content\/uploads\/2025\/04\/custom_design.jpg\" \/>\n\t<meta property=\"og:image:width\" content=\"800\" \/>\n\t<meta property=\"og:image:height\" content=\"746\" \/>\n\t<meta property=\"og:image:type\" content=\"image\/jpeg\" \/>\n<meta name=\"twitter:card\" content=\"summary_large_image\" \/>\n<meta name=\"twitter:label1\" content=\"Est. reading time\" \/>\n\t<meta name=\"twitter:data1\" content=\"2 minutes\" \/>\n<script type=\"application\/ld+json\" class=\"yoast-schema-graph\">{\"@context\":\"https:\\\/\\\/schema.org\",\"@graph\":[{\"@type\":\"WebPage\",\"@id\":\"https:\\\/\\\/www.blutronics.com\\\/fr\\\/products-customization\\\/\",\"url\":\"https:\\\/\\\/www.blutronics.com\\\/fr\\\/en\\\/products-customization\\\/\",\"name\":\"Products Customization Services | Smart Card Readers ISO7816 NFC Manufacturer\",\"isPartOf\":{\"@id\":\"https:\\\/\\\/www.blutronics.com\\\/#website\"},\"primaryImageOfPage\":{\"@id\":\"https:\\\/\\\/www.blutronics.com\\\/en\\\/products-customization\\\/#primaryimage\"},\"image\":{\"@id\":\"https:\\\/\\\/www.blutronics.com\\\/en\\\/products-customization\\\/#primaryimage\"},\"thumbnailUrl\":\"https:\\\/\\\/www.blutronics.com\\\/wp-content\\\/uploads\\\/2025\\\/04\\\/custom_design.jpg\",\"datePublished\":\"2023-03-26T14:19:28+00:00\",\"dateModified\":\"2025-04-10T13:55:19+00:00\",\"description\":\"products customization services smart card readers from logo printing custom packaging to fully bespoke solutions\",\"breadcrumb\":{\"@id\":\"https:\\\/\\\/www.blutronics.com\\\/en\\\/products-customization\\\/#breadcrumb\"},\"inLanguage\":\"fr-FR\",\"potentialAction\":[{\"@type\":\"ReadAction\",\"target\":[\"https:\\\/\\\/www.blutronics.com\\\/en\\\/products-customization\\\/\"]}]},{\"@type\":\"ImageObject\",\"inLanguage\":\"fr-FR\",\"@id\":\"https:\\\/\\\/www.blutronics.com\\\/en\\\/products-customization\\\/#primaryimage\",\"url\":\"https:\\\/\\\/www.blutronics.com\\\/wp-content\\\/uploads\\\/2025\\\/04\\\/custom_design.jpg\",\"contentUrl\":\"https:\\\/\\\/www.blutronics.com\\\/wp-content\\\/uploads\\\/2025\\\/04\\\/custom_design.jpg\"},{\"@type\":\"BreadcrumbList\",\"@id\":\"https:\\\/\\\/www.blutronics.com\\\/en\\\/products-customization\\\/#breadcrumb\",\"itemListElement\":[{\"@type\":\"ListItem\",\"position\":1,\"name\":\"Home\",\"item\":\"https:\\\/\\\/www.blutronics.com\\\/\"},{\"@type\":\"ListItem\",\"position\":2,\"name\":\"Services Personnalisation Produits\"}]},{\"@type\":\"WebSite\",\"@id\":\"https:\\\/\\\/www.blutronics.com\\\/fr\\\/#website\",\"url\":\"https:\\\/\\\/www.blutronics.com\\\/fr\\\/\",\"name\":\"BLUTRONICS\",\"description\":\"\",\"publisher\":{\"@id\":\"https:\\\/\\\/www.blutronics.com\\\/fr\\\/#organization\"},\"potentialAction\":[{\"@type\":\"SearchAction\",\"target\":{\"@type\":\"EntryPoint\",\"urlTemplate\":\"https:\\\/\\\/www.blutronics.com\\\/fr\\\/?s={search_term_string}\"},\"query-input\":{\"@type\":\"PropertyValueSpecification\",\"valueRequired\":true,\"valueName\":\"search_term_string\"}}],\"inLanguage\":\"fr-FR\"},{\"@type\":\"Organization\",\"@id\":\"https:\\\/\\\/www.blutronics.com\\\/fr\\\/#organization\",\"name\":\"BOLT SRL\",\"url\":\"https:\\\/\\\/www.blutronics.com\\\/fr\\\/\",\"logo\":{\"@type\":\"ImageObject\",\"inLanguage\":\"fr-FR\",\"@id\":\"https:\\\/\\\/www.blutronics.com\\\/fr\\\/#\\\/schema\\\/logo\\\/image\\\/\",\"url\":\"https:\\\/\\\/www.blutronics.com\\\/wp-content\\\/uploads\\\/2023\\\/06\\\/blutronics_logo_696_696.webp\",\"contentUrl\":\"https:\\\/\\\/www.blutronics.com\\\/wp-content\\\/uploads\\\/2023\\\/06\\\/blutronics_logo_696_696.webp\",\"width\":696,\"height\":696,\"caption\":\"BOLT SRL\"},\"image\":{\"@id\":\"https:\\\/\\\/www.blutronics.com\\\/fr\\\/#\\\/schema\\\/logo\\\/image\\\/\"}}]}<\/script>\n<!-- \/ Yoast SEO plugin. -->","yoast_head_json":{"title":"Services Personnalisation Produits","description":"services de personnalisation de produits lecteurs de cartes \u00e0 puce de l'impression de logo emballage personnalis\u00e9 aux solutions enti\u00e8rement sur mesure","robots":{"index":"index","follow":"follow","max-snippet":"max-snippet:-1","max-image-preview":"max-image-preview:large","max-video-preview":"max-video-preview:-1"},"canonical":"https:\/\/www.blutronics.com\/fr\/products-customization\/","og_locale":"fr_FR","og_type":"article","og_title":"Services Personnalisation Produits","og_description":"services de personnalisation de produits lecteurs de cartes \u00e0 puce de l'impression de logo emballage personnalis\u00e9 aux solutions enti\u00e8rement sur mesure","og_url":"https:\/\/www.blutronics.com\/en\/products-customization\/","og_site_name":"Smart Card Readers ISO7816 NFC Manufacturer","article_modified_time":"2025-04-10T13:55:19+00:00","og_image":[{"width":800,"height":746,"url":"https:\/\/www.blutronics.com\/wp-content\/uploads\/2025\/04\/custom_design.jpg","type":"image\/jpeg"}],"twitter_card":"summary_large_image","twitter_misc":{"Est. reading time":"2 minutes"},"schema":{"@context":"https:\/\/schema.org","@graph":[{"@type":"WebPage","@id":"https:\/\/www.blutronics.com\/fr\/products-customization\/","url":"https:\/\/www.blutronics.com\/fr\/en\/products-customization\/","name":"Products Customization Services | Smart Card Readers ISO7816 NFC Manufacturer","isPartOf":{"@id":"https:\/\/www.blutronics.com\/#website"},"primaryImageOfPage":{"@id":"https:\/\/www.blutronics.com\/en\/products-customization\/#primaryimage"},"image":{"@id":"https:\/\/www.blutronics.com\/en\/products-customization\/#primaryimage"},"thumbnailUrl":"https:\/\/www.blutronics.com\/wp-content\/uploads\/2025\/04\/custom_design.jpg","datePublished":"2023-03-26T14:19:28+00:00","dateModified":"2025-04-10T13:55:19+00:00","description":"products customization services smart card readers from logo printing custom packaging to fully bespoke solutions","breadcrumb":{"@id":"https:\/\/www.blutronics.com\/en\/products-customization\/#breadcrumb"},"inLanguage":"fr-FR","potentialAction":[{"@type":"ReadAction","target":["https:\/\/www.blutronics.com\/en\/products-customization\/"]}]},{"@type":"ImageObject","inLanguage":"fr-FR","@id":"https:\/\/www.blutronics.com\/en\/products-customization\/#primaryimage","url":"https:\/\/www.blutronics.com\/wp-content\/uploads\/2025\/04\/custom_design.jpg","contentUrl":"https:\/\/www.blutronics.com\/wp-content\/uploads\/2025\/04\/custom_design.jpg"},{"@type":"BreadcrumbList","@id":"https:\/\/www.blutronics.com\/en\/products-customization\/#breadcrumb","itemListElement":[{"@type":"ListItem","position":1,"name":"Home","item":"https:\/\/www.blutronics.com\/"},{"@type":"ListItem","position":2,"name":"Services Personnalisation Produits"}]},{"@type":"WebSite","@id":"https:\/\/www.blutronics.com\/fr\/#website","url":"https:\/\/www.blutronics.com\/fr\/","name":"BLUTRONICS","description":"","publisher":{"@id":"https:\/\/www.blutronics.com\/fr\/#organization"},"potentialAction":[{"@type":"SearchAction","target":{"@type":"EntryPoint","urlTemplate":"https:\/\/www.blutronics.com\/fr\/?s={search_term_string}"},"query-input":{"@type":"PropertyValueSpecification","valueRequired":true,"valueName":"search_term_string"}}],"inLanguage":"fr-FR"},{"@type":"Organization","@id":"https:\/\/www.blutronics.com\/fr\/#organization","name":"BOLT SRL","url":"https:\/\/www.blutronics.com\/fr\/","logo":{"@type":"ImageObject","inLanguage":"fr-FR","@id":"https:\/\/www.blutronics.com\/fr\/#\/schema\/logo\/image\/","url":"https:\/\/www.blutronics.com\/wp-content\/uploads\/2023\/06\/blutronics_logo_696_696.webp","contentUrl":"https:\/\/www.blutronics.com\/wp-content\/uploads\/2023\/06\/blutronics_logo_696_696.webp","width":696,"height":696,"caption":"BOLT SRL"},"image":{"@id":"https:\/\/www.blutronics.com\/fr\/#\/schema\/logo\/image\/"}}]}},"_links":{"self":[{"href":"https:\/\/www.blutronics.com\/fr\/wp-json\/wp\/v2\/pages\/14","targetHints":{"allow":["GET"]}}],"collection":[{"href":"https:\/\/www.blutronics.com\/fr\/wp-json\/wp\/v2\/pages"}],"about":[{"href":"https:\/\/www.blutronics.com\/fr\/wp-json\/wp\/v2\/types\/page"}],"author":[{"embeddable":true,"href":"https:\/\/www.blutronics.com\/fr\/wp-json\/wp\/v2\/users\/1"}],"replies":[{"embeddable":true,"href":"https:\/\/www.blutronics.com\/fr\/wp-json\/wp\/v2\/comments?post=14"}],"version-history":[{"count":20,"href":"https:\/\/www.blutronics.com\/fr\/wp-json\/wp\/v2\/pages\/14\/revisions"}],"predecessor-version":[{"id":941,"href":"https:\/\/www.blutronics.com\/fr\/wp-json\/wp\/v2\/pages\/14\/revisions\/941"}],"wp:attachment":[{"href":"https:\/\/www.blutronics.com\/fr\/wp-json\/wp\/v2\/media?parent=14"}],"curies":[{"name":"wp","href":"https:\/\/api.w.org\/{rel}","templated":true}]}}