{"id":18,"date":"2023-03-26T16:28:09","date_gmt":"2023-03-26T14:28:09","guid":{"rendered":"https:\/\/blutronics.com\/?page_id=18"},"modified":"2025-09-23T19:23:44","modified_gmt":"2025-09-23T17:23:44","slug":"home","status":"publish","type":"page","link":"https:\/\/www.blutronics.com\/fr\/","title":{"rendered":"Home"},"content":{"rendered":"<div class=\"n2_clear\"><ss3-force-full-width data-overflow-x=\"body\" data-horizontal-selector=\"\"><div class=\"n2-section-smartslider fitvidsignore  n2_clear\" data-ssid=\"4\" tabindex=\"0\" role=\"region\" aria-label=\"Slider\"><div id=\"n2-ss-4-align\" class=\"n2-ss-align\"><div class=\"n2-padding\"><div id=\"n2-ss-4\" data-creator=\"Smart Slider 3\" data-responsive=\"fullwidth\" class=\"n2-ss-slider n2-ow n2-has-hover n2notransition  \">\n\n\n\n<div class=\"n2-ss-slider-wrapper-inside\">\n        <div class=\"n2-ss-slider-1 n2_ss__touch_element n2-ow\">\n            <div class=\"n2-ss-slider-2 n2-ow\">\n                                                <div class=\"n2-ss-slider-3 n2-ow\">\n\n                    <div class=\"n2-ss-slide-backgrounds n2-ow-all\"><div class=\"n2-ss-slide-background\" data-public-id=\"1\" data-mode=\"fill\"><div data-gradient=\"horizontal\" data-color-start=\"RGBA(0,114,210,1)\" data-color-end=\"RGBA(0,182,195,1)\" style=\"background:linear-gradient(to right, RGBA(0,114,210,1) 0%,RGBA(0,182,195,1) 100%);\" class=\"n2-ss-slide-background-color\"><\/div><\/div><div class=\"n2-ss-slide-background\" data-public-id=\"2\" data-mode=\"fill\" aria-hidden=\"true\"><div data-gradient=\"horizontal\" data-color-start=\"RGBA(0,114,210,1)\" data-color-end=\"RGBA(46,204,113,1)\" style=\"background:linear-gradient(to right, RGBA(0,114,210,1) 0%,RGBA(46,204,113,1) 100%);\" class=\"n2-ss-slide-background-color\"><\/div><\/div><div class=\"n2-ss-slide-background\" data-public-id=\"3\" data-mode=\"fill\" aria-hidden=\"true\"><div data-gradient=\"horizontal\" data-color-start=\"RGBA(0,114,210,1)\" data-color-end=\"RGBA(255,233,95,1)\" style=\"background:linear-gradient(to right, RGBA(0,114,210,1) 0%,RGBA(255,233,95,1) 100%);\" class=\"n2-ss-slide-background-color\"><\/div><\/div><\/div>                    <div class=\"n2-ss-slider-4 n2-ow\">\n                        <svg xmlns=\"http:\/\/www.w3.org\/2000\/svg\" viewBox=\"0 0 1300 600\" data-related-device=\"desktopPortrait\" class=\"n2-ow n2-ss-preserve-size n2-ss-preserve-size--slider n2-ss-slide-limiter\"><\/svg><div data-first=\"1\" data-slide-duration=\"0\" data-id=\"14\" data-slide-public-id=\"1\" data-title=\"Slide 1\" class=\"n2-ss-slide n2-ow  n2-ss-slide-14\"><div role=\"note\" class=\"n2-ss-slide--focus\" tabindex=\"-1\">Slide 1<\/div><div class=\"n2-ss-layers-container n2-ss-slide-limiter n2-ow\"><div class=\"n2-ss-layer n2-ow n-uc-M9MhSkeVZdo5\" data-sstype=\"slide\" data-pm=\"default\"><div class=\"n2-ss-layer n2-ow n-uc-5RWcF04FqRVr\" data-pm=\"default\" data-sstype=\"content\" data-hasbackground=\"0\"><div class=\"n2-ss-section-main-content n2-ss-layer-with-background n2-ss-layer-content n2-ow n-uc-5RWcF04FqRVr-inner\"><div class=\"n2-ss-layer n2-ow n2-ss-layer--block n2-ss-has-self-align n-uc-tOf8oNWUMEjN\" data-pm=\"normal\" data-sstype=\"row\"><div class=\"n2-ss-layer-row n2-ss-layer-with-background n-uc-tOf8oNWUMEjN-inner\"><div class=\"n2-ss-layer-row-inner \"><div class=\"n2-ss-layer n2-ow n-uc-CIruCDSM7QWn\" data-pm=\"default\" data-sstype=\"col\"><div class=\"n2-ss-layer-col n2-ss-layer-with-background n2-ss-layer-content n-uc-CIruCDSM7QWn-inner\"><div class=\"n2-ss-layer n2-ow n-uc-GOp1UH9WLABE n2-ss-layer--auto\" data-pm=\"normal\" data-sstype=\"layer\"><div class=\"n2-ss-button-container n2-ss-item-content n2-ow n2-font-1a9b2eefc20063f11c9443a643541538-link  n2-ss-nowrap n2-ss-button-container--non-full-width\"><a class=\"n2-style-5e1b8236ee17e94bd30af2cf9e826976-heading  n2-ow \" onclick=\"return false;\" href=\"#\"><div><div>BLUTRONICS TAURUS NFC<\/div><\/div><\/a><\/div><\/div><div class=\"n2-ss-layer n2-ow n-uc-SoJwtJD7wE57\" data-pm=\"normal\" data-sstype=\"layer\"><h1 id=\"n2-ss-4item2\" class=\"n2-font-d81fb14cf010d1f05125ca02c2229b9c-hover   n2-ss-item-content n2-ss-text n2-ow\" style=\"display:block;\">USB CCID NFC READER<\/h1><\/div><div class=\"n2-ss-layer n2-ow n-uc-mHRwotBlHxYP\" data-pm=\"normal\" data-sstype=\"layer\"><div class=\"n2-ss-item-content n2-ss-text n2-ow-all\"><div class=\"\"><p class=\"n2-font-c4d2ce81304aa3c34954426cc2a83b8b-paragraph   \">Choisissez le lecteur de carte \u00e0 puce sans contact NFC haute performance, il prend en charge plusieurs normes NFC, Mifare, ISO14443, ISO18092<\/p>\n<\/div><\/div><\/div><div class=\"n2-ss-layer n2-ow n2-ss-layer--block n2-ss-has-self-align n-uc-P78nWGBGYC9a\" data-pm=\"normal\" data-sstype=\"row\"><div class=\"n2-ss-layer-row n2-ss-layer-with-background n-uc-P78nWGBGYC9a-inner\"><div class=\"n2-ss-layer-row-inner \"><div class=\"n2-ss-layer n2-ow n-uc-ROeEHjM7Od9b\" data-pm=\"default\" data-sstype=\"col\"><div class=\"n2-ss-layer-col n2-ss-layer-with-background n2-ss-layer-content n-uc-ROeEHjM7Od9b-inner\"><div class=\"n2-ss-layer n2-ow n-uc-onH1EOF5Zujw n2-ss-layer--auto\" data-pm=\"normal\" data-sstype=\"layer\"><div class=\"n2-ss-button-container n2-ss-item-content n2-ow n2-font-eda30a326be327b218ae3fb8c616adf4-link  n2-ss-nowrap n2-ss-button-container--non-full-width\"><a class=\"n2-style-1a5b74c1a070e82bad8ed3dfd9217329-heading  n2-ow \" target=\"_blank\" href=\"https:\/\/store.blutronics.com\/en\/product\/blutronics-taurus-nfc\/\"><div><div>Acheter<\/div><\/div><\/a><\/div><\/div><\/div><\/div><div class=\"n2-ss-layer n2-ow n-uc-beeVYOgM9uiu\" data-pm=\"default\" data-sstype=\"col\"><div class=\"n2-ss-layer-col n2-ss-layer-with-background n2-ss-layer-content n-uc-beeVYOgM9uiu-inner\"><div class=\"n2-ss-layer n2-ow n-uc-Hk27P14NgcWS n2-ss-layer--auto\" data-pm=\"normal\" data-sstype=\"layer\"><div class=\"n2-ss-button-container n2-ss-item-content n2-ow n2-font-981eb22b4de18a681c4d2f569ac9726b-link  n2-ss-nowrap n2-ss-button-container--non-full-width\"><a class=\"n2-style-1a5b74c1a070e82bad8ed3dfd9217329-heading  n2-ow \" href=\"https:\/\/www.blutronics.com\/blutronics-taurus-nfc\/\"><div><div>Caract\u00e9ristiques<\/div><\/div><\/a><\/div><\/div><\/div><\/div><\/div><\/div><\/div><\/div><\/div><div class=\"n2-ss-layer n2-ow n-uc-BAAemjdz42wH\" data-pm=\"default\" data-sstype=\"col\"><div class=\"n2-ss-layer-col n2-ss-layer-with-background n2-ss-layer-content n-uc-BAAemjdz42wH-inner\"><div class=\"n2-ss-layer n2-ow n-uc-TBQGPkyQsfiX\" data-pm=\"normal\" data-sstype=\"layer\"><div class=\" n2-ss-item-image-content n2-ss-item-content n2-ow-all\"><img loading=\"lazy\" decoding=\"async\" id=\"n2-ss-4item6\" alt=\"BLUTRONICS TAURUS NFC\" class=\"skip-lazy\" width=\"1500\" height=\"1500\" data-skip-lazy=\"1\" src=\"\/\/www.blutronics.com\/wp-content\/uploads\/2024\/03\/taurus_1500-2.webp\" \/><\/div><\/div><\/div><\/div><\/div><\/div><\/div><\/div><\/div><\/div><\/div><\/div><div data-slide-duration=\"0\" data-id=\"15\" data-slide-public-id=\"2\" aria-hidden=\"true\" data-title=\"Slide 2\" class=\"n2-ss-slide n2-ow  n2-ss-slide-15\"><div role=\"note\" class=\"n2-ss-slide--focus\" tabindex=\"-1\">Slide 2<\/div><div class=\"n2-ss-layers-container n2-ss-slide-limiter n2-ow\"><div class=\"n2-ss-layer n2-ow n-uc-kgqmJFjoNbuE\" data-sstype=\"slide\" data-pm=\"default\"><div class=\"n2-ss-layer n2-ow n-uc-EULMMB7AtWfB\" data-pm=\"default\" data-sstype=\"content\" data-hasbackground=\"0\"><div class=\"n2-ss-section-main-content n2-ss-layer-with-background n2-ss-layer-content n2-ow n-uc-EULMMB7AtWfB-inner\"><div class=\"n2-ss-layer n2-ow n2-ss-layer--block n2-ss-has-self-align n-uc-DXrg6uYDHNH2\" data-pm=\"normal\" data-sstype=\"row\"><div class=\"n2-ss-layer-row n2-ss-layer-with-background n-uc-DXrg6uYDHNH2-inner\"><div class=\"n2-ss-layer-row-inner \"><div class=\"n2-ss-layer n2-ow n-uc-ZfaBJn2zl3vv\" data-pm=\"default\" data-sstype=\"col\"><div class=\"n2-ss-layer-col n2-ss-layer-with-background n2-ss-layer-content n-uc-ZfaBJn2zl3vv-inner\"><div class=\"n2-ss-layer n2-ow n-uc-PJq8LpGIveXt n2-ss-layer--auto\" data-pm=\"normal\" data-sstype=\"layer\"><div class=\"n2-ss-button-container n2-ss-item-content n2-ow n2-font-1a9b2eefc20063f11c9443a643541538-link  n2-ss-nowrap n2-ss-button-container--non-full-width\"><a class=\"n2-style-5e1b8236ee17e94bd30af2cf9e826976-heading  n2-ow \" onclick=\"return false;\" href=\"#\"><div><div>BLUTRONICS BLUDRIVE II CCID<\/div><\/div><\/a><\/div><\/div><div class=\"n2-ss-layer n2-ow n-uc-KrpIO3ygYfDA\" data-pm=\"normal\" data-sstype=\"layer\"><h1 id=\"n2-ss-4item8\" class=\"n2-font-d81fb14cf010d1f05125ca02c2229b9c-hover   n2-ss-item-content n2-ss-text n2-ow\" style=\"display:block;\">USB CCID CONTACT READER<\/h1><\/div><div class=\"n2-ss-layer n2-ow n-uc-4EArAGzE0XHn\" data-pm=\"normal\" data-sstype=\"layer\"><div class=\"n2-ss-item-content n2-ss-text n2-ow-all\"><div class=\"\"><p class=\"n2-font-c4d2ce81304aa3c34954426cc2a83b8b-paragraph   \">Optez pour le produit leader du march\u00e9, comptant des millions d&rsquo;utilisateurs et prenant en charge les cartes \u00e0 puce avec contact ISO7816.<\/p>\n<\/div><\/div><\/div><div class=\"n2-ss-layer n2-ow n2-ss-layer--block n2-ss-has-self-align n-uc-AtRllx6dA2QE\" data-pm=\"normal\" data-sstype=\"row\"><div class=\"n2-ss-layer-row n2-ss-layer-with-background n-uc-AtRllx6dA2QE-inner\"><div class=\"n2-ss-layer-row-inner \"><div class=\"n2-ss-layer n2-ow n-uc-u09BVxueHh9g\" data-pm=\"default\" data-sstype=\"col\"><div class=\"n2-ss-layer-col n2-ss-layer-with-background n2-ss-layer-content n-uc-u09BVxueHh9g-inner\"><div class=\"n2-ss-layer n2-ow n-uc-n7y47jMITQ3t n2-ss-layer--auto\" data-pm=\"normal\" data-sstype=\"layer\"><div class=\"n2-ss-button-container n2-ss-item-content n2-ow n2-font-eda30a326be327b218ae3fb8c616adf4-link  n2-ss-nowrap n2-ss-button-container--non-full-width\"><a class=\"n2-style-1a5b74c1a070e82bad8ed3dfd9217329-heading  n2-ow \" target=\"_blank\" href=\"https:\/\/store.blutronics.com\/en\/product\/blutronics-bludrive\/\"><div><div>Acheter<\/div><\/div><\/a><\/div><\/div><\/div><\/div><div class=\"n2-ss-layer n2-ow n-uc-zTLgsg79ueez\" data-pm=\"default\" data-sstype=\"col\"><div class=\"n2-ss-layer-col n2-ss-layer-with-background n2-ss-layer-content n-uc-zTLgsg79ueez-inner\"><div class=\"n2-ss-layer n2-ow n-uc-DCdg77nE9UtY n2-ss-layer--auto\" data-pm=\"normal\" data-sstype=\"layer\"><div class=\"n2-ss-button-container n2-ss-item-content n2-ow n2-font-981eb22b4de18a681c4d2f569ac9726b-link  n2-ss-nowrap n2-ss-button-container--non-full-width\"><a class=\"n2-style-1a5b74c1a070e82bad8ed3dfd9217329-heading  n2-ow \" href=\"https:\/\/www.blutronics.com\/blutronics-bludrive-ii-ccid\/\"><div><div>Caract\u00e9ristiques<\/div><\/div><\/a><\/div><\/div><\/div><\/div><\/div><\/div><\/div><\/div><\/div><div class=\"n2-ss-layer n2-ow n-uc-A1Rt1p9EqScQ\" data-pm=\"default\" data-sstype=\"col\"><div class=\"n2-ss-layer-col n2-ss-layer-with-background n2-ss-layer-content n-uc-A1Rt1p9EqScQ-inner\"><div class=\"n2-ss-layer n2-ow n-uc-Etge6CJlpJMg\" data-pm=\"normal\" data-sstype=\"layer\"><div class=\" n2-ss-item-image-content n2-ss-item-content n2-ow-all\"><img decoding=\"async\" id=\"n2-ss-4item12\" alt=\"BLUTRONICS BLUDRIVE II CCID\" class=\"skip-lazy\" loading=\"lazy\" width=\"1500\" height=\"1500\" data-skip-lazy=\"1\" src=\"\/\/www.blutronics.com\/wp-content\/uploads\/2024\/03\/bludrive_1500.webp\" \/><\/div><\/div><\/div><\/div><\/div><\/div><\/div><\/div><\/div><\/div><\/div><\/div><div data-slide-duration=\"0\" data-id=\"16\" data-slide-public-id=\"3\" aria-hidden=\"true\" data-title=\"Slide 3\" class=\"n2-ss-slide n2-ow  n2-ss-slide-16\"><div role=\"note\" class=\"n2-ss-slide--focus\" tabindex=\"-1\">Slide 3<\/div><div class=\"n2-ss-layers-container n2-ss-slide-limiter n2-ow\"><div class=\"n2-ss-layer n2-ow n-uc-iF6avxKv9Uti\" data-sstype=\"slide\" data-pm=\"default\"><div class=\"n2-ss-layer n2-ow n-uc-lsTK0plPVqAW\" data-pm=\"default\" data-sstype=\"content\" data-hasbackground=\"0\"><div class=\"n2-ss-section-main-content n2-ss-layer-with-background n2-ss-layer-content n2-ow n-uc-lsTK0plPVqAW-inner\"><div class=\"n2-ss-layer n2-ow n2-ss-layer--block n2-ss-has-self-align n-uc-SGyUDUJMtAzr\" data-pm=\"normal\" data-sstype=\"row\"><div class=\"n2-ss-layer-row n2-ss-layer-with-background n-uc-SGyUDUJMtAzr-inner\"><div class=\"n2-ss-layer-row-inner \"><div class=\"n2-ss-layer n2-ow n-uc-NZfcdL2tdhJv\" data-pm=\"default\" data-sstype=\"col\"><div class=\"n2-ss-layer-col n2-ss-layer-with-background n2-ss-layer-content n-uc-NZfcdL2tdhJv-inner\"><div class=\"n2-ss-layer n2-ow n-uc-3Hfvb5ZYAK7j n2-ss-layer--auto\" data-pm=\"normal\" data-sstype=\"layer\"><div class=\"n2-ss-button-container n2-ss-item-content n2-ow n2-font-1a9b2eefc20063f11c9443a643541538-link  n2-ss-nowrap n2-ss-button-container--non-full-width\"><a class=\"n2-style-5e1b8236ee17e94bd30af2cf9e826976-heading  n2-ow \" onclick=\"return false;\" href=\"#\"><div><div>BLUTRONICS BLUDRIVE BOARD<\/div><\/div><\/a><\/div><\/div><div class=\"n2-ss-layer n2-ow n-uc-Crc3YxEgiLkE\" data-pm=\"normal\" data-sstype=\"layer\"><h1 id=\"n2-ss-4item14\" class=\"n2-font-d81fb14cf010d1f05125ca02c2229b9c-hover   n2-ss-item-content n2-ss-text n2-ow\" style=\"display:block;\">USB CCID READER BOARD<\/h1><\/div><div class=\"n2-ss-layer n2-ow n-uc-OZjAnQthwinZ\" data-pm=\"normal\" data-sstype=\"layer\"><div class=\"n2-ss-item-content n2-ss-text n2-ow-all\"><div class=\"\"><p class=\"n2-font-c4d2ce81304aa3c34954426cc2a83b8b-paragraph   \">Carte de lecteur de carte \u00e0 puce \u00e0 contact ISO7816 pour applications industrielles, distributeurs automatiques, kiosques<\/p>\n<\/div><\/div><\/div><div class=\"n2-ss-layer n2-ow n2-ss-layer--block n2-ss-has-self-align n-uc-55DgRh06hsOv\" data-pm=\"normal\" data-sstype=\"row\"><div class=\"n2-ss-layer-row n2-ss-layer-with-background n-uc-55DgRh06hsOv-inner\"><div class=\"n2-ss-layer-row-inner \"><div class=\"n2-ss-layer n2-ow n-uc-EX7JabCxJd9s\" data-pm=\"default\" data-sstype=\"col\"><div class=\"n2-ss-layer-col n2-ss-layer-with-background n2-ss-layer-content n-uc-EX7JabCxJd9s-inner\"><div class=\"n2-ss-layer n2-ow n-uc-73mmvou8V4PP n2-ss-layer--auto\" data-pm=\"normal\" data-sstype=\"layer\"><div class=\"n2-ss-button-container n2-ss-item-content n2-ow n2-font-eda30a326be327b218ae3fb8c616adf4-link  n2-ss-nowrap n2-ss-button-container--non-full-width\"><a class=\"n2-style-1a5b74c1a070e82bad8ed3dfd9217329-heading  n2-ow \" target=\"_blank\" href=\"https:\/\/store.blutronics.com\/en\/product\/blutronics-bludrive-board\/\"><div><div>Acheter<\/div><\/div><\/a><\/div><\/div><\/div><\/div><div class=\"n2-ss-layer n2-ow n-uc-vdJaY9WURpxF\" data-pm=\"default\" data-sstype=\"col\"><div class=\"n2-ss-layer-col n2-ss-layer-with-background n2-ss-layer-content n-uc-vdJaY9WURpxF-inner\"><div class=\"n2-ss-layer n2-ow n-uc-2quCqL0qSdPA n2-ss-layer--auto\" data-pm=\"normal\" data-sstype=\"layer\"><div class=\"n2-ss-button-container n2-ss-item-content n2-ow n2-font-981eb22b4de18a681c4d2f569ac9726b-link  n2-ss-nowrap n2-ss-button-container--non-full-width\"><a class=\"n2-style-1a5b74c1a070e82bad8ed3dfd9217329-heading  n2-ow \" href=\"https:\/\/www.blutronics.com\/blutronics-bludrive-module\/\"><div><div>Caract\u00e9ristiques<\/div><\/div><\/a><\/div><\/div><\/div><\/div><\/div><\/div><\/div><\/div><\/div><div class=\"n2-ss-layer n2-ow n-uc-OwgPzur6198O\" data-pm=\"default\" data-sstype=\"col\"><div class=\"n2-ss-layer-col n2-ss-layer-with-background n2-ss-layer-content n-uc-OwgPzur6198O-inner\"><div class=\"n2-ss-layer n2-ow n-uc-SCryMZlI8jfZ\" data-pm=\"normal\" data-sstype=\"layer\"><div class=\" n2-ss-item-image-content n2-ss-item-content n2-ow-all\"><img decoding=\"async\" id=\"n2-ss-4item18\" alt=\"Blutronics Bludrive Board\" class=\"skip-lazy\" loading=\"lazy\" width=\"1500\" height=\"1500\" data-skip-lazy=\"1\" src=\"\/\/www.blutronics.com\/wp-content\/uploads\/2023\/06\/bludrive_board_1500.webp\" \/><\/div><\/div><\/div><\/div><\/div><\/div><\/div><\/div><\/div><\/div><\/div><\/div>                    <\/div>\n\n                                    <\/div>\n            <\/div>\n        <\/div>\n        <div class=\"n2-ss-slider-controls n2-ss-slider-controls-absolute-left-center\"><div style=\"--widget-offset:5px;\" class=\"n2-ss-widget nextend-arrow n2-ow-all nextend-arrow-previous  nextend-arrow-animated-fade\" data-hide-mobileportrait=\"1\" id=\"n2-ss-4-arrow-previous\" role=\"button\" aria-label=\"previous arrow\" tabindex=\"0\"><img loading=\"lazy\" decoding=\"async\" width=\"32\" height=\"32\" class=\"skip-lazy\" data-skip-lazy=\"1\" src=\"data:image\/svg+xml;base64,PHN2ZyB3aWR0aD0iMzIiIGhlaWdodD0iMzIiIHZpZXdCb3g9IjAgMCAzMiAzMiIgeG1sbnM9Imh0dHA6Ly93d3cudzMub3JnLzIwMDAvc3ZnIj4KICAgIDxwYXRoIGQ9Ik0xMS40MzMgMTUuOTkyTDIyLjY5IDUuNzEyYy4zOTMtLjM5LjM5My0xLjAzIDAtMS40Mi0uMzkzLS4zOS0xLjAzLS4zOS0xLjQyMyAwbC0xMS45OCAxMC45NGMtLjIxLjIxLS4zLjQ5LS4yODUuNzYtLjAxNS4yOC4wNzUuNTYuMjg0Ljc3bDExLjk4IDEwLjk0Yy4zOTMuMzkgMS4wMy4zOSAxLjQyNCAwIC4zOTMtLjQuMzkzLTEuMDMgMC0xLjQybC0xMS4yNTctMTAuMjkiCiAgICAgICAgICBmaWxsPSIjZmZmZmZmIiBvcGFjaXR5PSIwLjgiIGZpbGwtcnVsZT0iZXZlbm9kZCIvPgo8L3N2Zz4=\" alt=\"previous arrow\"><\/div><\/div><div class=\"n2-ss-slider-controls n2-ss-slider-controls-absolute-right-center\"><div style=\"--widget-offset:5px;\" class=\"n2-ss-widget nextend-arrow n2-ow-all nextend-arrow-next  nextend-arrow-animated-fade\" data-hide-mobileportrait=\"1\" id=\"n2-ss-4-arrow-next\" role=\"button\" aria-label=\"next arrow\" tabindex=\"0\"><img loading=\"lazy\" decoding=\"async\" width=\"32\" height=\"32\" class=\"skip-lazy\" data-skip-lazy=\"1\" src=\"data:image\/svg+xml;base64,PHN2ZyB3aWR0aD0iMzIiIGhlaWdodD0iMzIiIHZpZXdCb3g9IjAgMCAzMiAzMiIgeG1sbnM9Imh0dHA6Ly93d3cudzMub3JnLzIwMDAvc3ZnIj4KICAgIDxwYXRoIGQ9Ik0xMC43MjIgNC4yOTNjLS4zOTQtLjM5LTEuMDMyLS4zOS0xLjQyNyAwLS4zOTMuMzktLjM5MyAxLjAzIDAgMS40MmwxMS4yODMgMTAuMjgtMTEuMjgzIDEwLjI5Yy0uMzkzLjM5LS4zOTMgMS4wMiAwIDEuNDIuMzk1LjM5IDEuMDMzLjM5IDEuNDI3IDBsMTIuMDA3LTEwLjk0Yy4yMS0uMjEuMy0uNDkuMjg0LS43Ny4wMTQtLjI3LS4wNzYtLjU1LS4yODYtLjc2TDEwLjcyIDQuMjkzeiIKICAgICAgICAgIGZpbGw9IiNmZmZmZmYiIG9wYWNpdHk9IjAuOCIgZmlsbC1ydWxlPSJldmVub2RkIi8+Cjwvc3ZnPg==\" alt=\"next arrow\"><\/div><\/div><div class=\"n2-ss-slider-controls n2-ss-slider-controls-absolute-center-bottom\"><div style=\"--widget-offset:5px;\" class=\"n2-ss-widget n2-ss-control-bullet n2-ow-all n2-ss-control-bullet-horizontal\" data-hide-mobileportrait=\"1\"><div class=\" nextend-bullet-bar n2-bar-justify-content-center\" role=\"group\" aria-label=\"Choose slide to display.\"><div class=\"n2-bullet n2-style-ea99b4d0fd859b2164a6c7ffa9ba224e-dot \" style=\"visibility:hidden;\"><\/div><\/div><\/div><\/div><\/div><\/div><ss3-loader><\/ss3-loader><\/div><\/div><div class=\"n2_clear\"><\/div><\/div><\/ss3-force-full-width><\/div>\r\n\r\n\r\n<p><\/p>\r\n\r\n\r\n\r\n<p><\/p>\r\n","protected":false},"excerpt":{"rendered":"","protected":false},"author":1,"featured_media":0,"parent":0,"menu_order":0,"comment_status":"closed","ping_status":"closed","template":"","meta":{"footnotes":""},"class_list":["post-18","page","type-page","status-publish","hentry","post"],"yoast_head":"<!-- This site is optimized with the Yoast SEO plugin v27.4 - https:\/\/yoast.com\/product\/yoast-seo-wordpress\/ -->\n<title>Home<\/title>\n<meta name=\"description\" content=\"Blutronics est un fabricant de lecteurs de cartes \u00e0 puce et de dispositifs de s\u00e9curit\u00e9 bas\u00e9s sur la technologie ISO7816 ou NFCfor digital signatures and eGov.\" \/>\n<meta name=\"robots\" content=\"index, follow, max-snippet:-1, max-image-preview:large, max-video-preview:-1\" \/>\n<link rel=\"canonical\" href=\"https:\/\/www.blutronics.com\" \/>\n<meta property=\"og:locale\" content=\"fr_FR\" \/>\n<meta property=\"og:type\" content=\"article\" \/>\n<meta property=\"og:title\" content=\"Home\" \/>\n<meta property=\"og:description\" content=\"Blutronics est un fabricant de lecteurs de cartes \u00e0 puce et de dispositifs de s\u00e9curit\u00e9 bas\u00e9s sur la technologie ISO7816 ou NFCfor digital signatures and eGov.\" \/>\n<meta property=\"og:url\" content=\"https:\/\/www.blutronics.com\" \/>\n<meta property=\"og:site_name\" content=\"Smart Card Readers ISO7816 NFC Manufacturer\" \/>\n<meta property=\"article:modified_time\" content=\"2025-09-23T17:23:44+00:00\" \/>\n<meta name=\"twitter:card\" content=\"summary_large_image\" \/>\n<meta name=\"twitter:label1\" content=\"Est. reading time\" \/>\n\t<meta name=\"twitter:data1\" content=\"1 minute\" \/>\n<script type=\"application\/ld+json\" class=\"yoast-schema-graph\">{\"@context\":\"https:\\\/\\\/schema.org\",\"@graph\":[{\"@type\":\"WebPage\",\"@id\":\"https:\\\/\\\/www.blutronics.com\\\/fr\\\/\",\"url\":\"https:\\\/\\\/www.blutronics.com\",\"name\":\"Blutronics | Smart Card Readers ISO7816 NFC Manufacturer\",\"isPartOf\":{\"@id\":\"https:\\\/\\\/www.blutronics.com\\\/#website\"},\"datePublished\":\"2023-03-26T14:28:09+00:00\",\"dateModified\":\"2025-09-23T17:23:44+00:00\",\"description\":\"Blutronics is a manufacturer of smartcard readers and security devices based on ISO7816 or NFC technology for digital signatures and eGov.\",\"breadcrumb\":{\"@id\":\"https:\\\/\\\/www.blutronics.com#breadcrumb\"},\"inLanguage\":\"fr-FR\",\"potentialAction\":[{\"@type\":\"ReadAction\",\"target\":[\"https:\\\/\\\/www.blutronics.com\"]}]},{\"@type\":\"BreadcrumbList\",\"@id\":\"https:\\\/\\\/www.blutronics.com#breadcrumb\",\"itemListElement\":[{\"@type\":\"ListItem\",\"position\":1,\"name\":\"Home\",\"item\":\"https:\\\/\\\/www.blutronics.com\\\/\"},{\"@type\":\"ListItem\",\"position\":2,\"name\":\"Home\"}]},{\"@type\":\"WebSite\",\"@id\":\"https:\\\/\\\/www.blutronics.com\\\/fr\\\/#website\",\"url\":\"https:\\\/\\\/www.blutronics.com\\\/fr\\\/\",\"name\":\"BLUTRONICS\",\"description\":\"\",\"publisher\":{\"@id\":\"https:\\\/\\\/www.blutronics.com\\\/fr\\\/#organization\"},\"potentialAction\":[{\"@type\":\"SearchAction\",\"target\":{\"@type\":\"EntryPoint\",\"urlTemplate\":\"https:\\\/\\\/www.blutronics.com\\\/fr\\\/?s={search_term_string}\"},\"query-input\":{\"@type\":\"PropertyValueSpecification\",\"valueRequired\":true,\"valueName\":\"search_term_string\"}}],\"inLanguage\":\"fr-FR\"},{\"@type\":\"Organization\",\"@id\":\"https:\\\/\\\/www.blutronics.com\\\/fr\\\/#organization\",\"name\":\"BOLT SRL\",\"url\":\"https:\\\/\\\/www.blutronics.com\\\/fr\\\/\",\"logo\":{\"@type\":\"ImageObject\",\"inLanguage\":\"fr-FR\",\"@id\":\"https:\\\/\\\/www.blutronics.com\\\/fr\\\/#\\\/schema\\\/logo\\\/image\\\/\",\"url\":\"https:\\\/\\\/www.blutronics.com\\\/wp-content\\\/uploads\\\/2023\\\/06\\\/blutronics_logo_696_696.webp\",\"contentUrl\":\"https:\\\/\\\/www.blutronics.com\\\/wp-content\\\/uploads\\\/2023\\\/06\\\/blutronics_logo_696_696.webp\",\"width\":696,\"height\":696,\"caption\":\"BOLT SRL\"},\"image\":{\"@id\":\"https:\\\/\\\/www.blutronics.com\\\/fr\\\/#\\\/schema\\\/logo\\\/image\\\/\"}}]}<\/script>\n<!-- \/ Yoast SEO plugin. -->","yoast_head_json":{"title":"Home","description":"Blutronics est un fabricant de lecteurs de cartes \u00e0 puce et de dispositifs de s\u00e9curit\u00e9 bas\u00e9s sur la technologie ISO7816 ou NFCfor digital signatures and eGov.","robots":{"index":"index","follow":"follow","max-snippet":"max-snippet:-1","max-image-preview":"max-image-preview:large","max-video-preview":"max-video-preview:-1"},"canonical":"https:\/\/www.blutronics.com","og_locale":"fr_FR","og_type":"article","og_title":"Home","og_description":"Blutronics est un fabricant de lecteurs de cartes \u00e0 puce et de dispositifs de s\u00e9curit\u00e9 bas\u00e9s sur la technologie ISO7816 ou NFCfor digital signatures and eGov.","og_url":"https:\/\/www.blutronics.com","og_site_name":"Smart Card Readers ISO7816 NFC Manufacturer","article_modified_time":"2025-09-23T17:23:44+00:00","twitter_card":"summary_large_image","twitter_misc":{"Est. reading time":"1 minute"},"schema":{"@context":"https:\/\/schema.org","@graph":[{"@type":"WebPage","@id":"https:\/\/www.blutronics.com\/fr\/","url":"https:\/\/www.blutronics.com","name":"Blutronics | Smart Card Readers ISO7816 NFC Manufacturer","isPartOf":{"@id":"https:\/\/www.blutronics.com\/#website"},"datePublished":"2023-03-26T14:28:09+00:00","dateModified":"2025-09-23T17:23:44+00:00","description":"Blutronics is a manufacturer of smartcard readers and security devices based on ISO7816 or NFC technology for digital signatures and eGov.","breadcrumb":{"@id":"https:\/\/www.blutronics.com#breadcrumb"},"inLanguage":"fr-FR","potentialAction":[{"@type":"ReadAction","target":["https:\/\/www.blutronics.com"]}]},{"@type":"BreadcrumbList","@id":"https:\/\/www.blutronics.com#breadcrumb","itemListElement":[{"@type":"ListItem","position":1,"name":"Home","item":"https:\/\/www.blutronics.com\/"},{"@type":"ListItem","position":2,"name":"Home"}]},{"@type":"WebSite","@id":"https:\/\/www.blutronics.com\/fr\/#website","url":"https:\/\/www.blutronics.com\/fr\/","name":"BLUTRONICS","description":"","publisher":{"@id":"https:\/\/www.blutronics.com\/fr\/#organization"},"potentialAction":[{"@type":"SearchAction","target":{"@type":"EntryPoint","urlTemplate":"https:\/\/www.blutronics.com\/fr\/?s={search_term_string}"},"query-input":{"@type":"PropertyValueSpecification","valueRequired":true,"valueName":"search_term_string"}}],"inLanguage":"fr-FR"},{"@type":"Organization","@id":"https:\/\/www.blutronics.com\/fr\/#organization","name":"BOLT SRL","url":"https:\/\/www.blutronics.com\/fr\/","logo":{"@type":"ImageObject","inLanguage":"fr-FR","@id":"https:\/\/www.blutronics.com\/fr\/#\/schema\/logo\/image\/","url":"https:\/\/www.blutronics.com\/wp-content\/uploads\/2023\/06\/blutronics_logo_696_696.webp","contentUrl":"https:\/\/www.blutronics.com\/wp-content\/uploads\/2023\/06\/blutronics_logo_696_696.webp","width":696,"height":696,"caption":"BOLT SRL"},"image":{"@id":"https:\/\/www.blutronics.com\/fr\/#\/schema\/logo\/image\/"}}]}},"_links":{"self":[{"href":"https:\/\/www.blutronics.com\/fr\/wp-json\/wp\/v2\/pages\/18","targetHints":{"allow":["GET"]}}],"collection":[{"href":"https:\/\/www.blutronics.com\/fr\/wp-json\/wp\/v2\/pages"}],"about":[{"href":"https:\/\/www.blutronics.com\/fr\/wp-json\/wp\/v2\/types\/page"}],"author":[{"embeddable":true,"href":"https:\/\/www.blutronics.com\/fr\/wp-json\/wp\/v2\/users\/1"}],"replies":[{"embeddable":true,"href":"https:\/\/www.blutronics.com\/fr\/wp-json\/wp\/v2\/comments?post=18"}],"version-history":[{"count":15,"href":"https:\/\/www.blutronics.com\/fr\/wp-json\/wp\/v2\/pages\/18\/revisions"}],"predecessor-version":[{"id":992,"href":"https:\/\/www.blutronics.com\/fr\/wp-json\/wp\/v2\/pages\/18\/revisions\/992"}],"wp:attachment":[{"href":"https:\/\/www.blutronics.com\/fr\/wp-json\/wp\/v2\/media?parent=18"}],"curies":[{"name":"wp","href":"https:\/\/api.w.org\/{rel}","templated":true}]}}