{"id":338,"date":"2023-05-05T19:48:12","date_gmt":"2023-05-05T17:48:12","guid":{"rendered":"https:\/\/www.blutronics.com\/?page_id=338"},"modified":"2025-04-10T17:31:09","modified_gmt":"2025-04-10T15:31:09","slug":"privacy-policy","status":"publish","type":"page","link":"https:\/\/www.blutronics.com\/fr\/privacy-policy\/","title":{"rendered":"Privacy Policy"},"content":{"rendered":"\r\n<p class=\"has-medium-font-size\"><strong>Privacy Policy<br>Last Updated On 06-Apr-2023<br>Effective Date 01-Apr-2023<\/strong><\/p>\r\n\r\n\r\n\r\n<p class=\"has-small-font-size\">Cette politique de confidentialit\u00e9 d\u00e9crit les politiques de <strong>blutronics.com<\/strong>, sur la collecte, l&rsquo;utilisation et la divulgation de vos informations que nous collectons lorsque vous utilisez notre site Web (https:\/\/www.blutronics.com ). (le \u00ab\u00a0Service\u00a0\u00bb). En acc\u00e9dant au Service ou en l&rsquo;utilisant, vous consentez \u00e0 la collecte, \u00e0 l&rsquo;utilisation et \u00e0 la divulgation de vos informations conform\u00e9ment \u00e0 la pr\u00e9sente Politique de confidentialit\u00e9. Si vous n&rsquo;y consentez pas, veuillez ne pas acc\u00e9der au Service ni l&rsquo;utiliser. <\/p>\r\n\r\n\r\n\r\n<p class=\"has-small-font-size\">Nous pouvons modifier cette politique de confidentialit\u00e9 \u00e0 tout moment sans pr\u00e9avis et publierons la politique de confidentialit\u00e9 r\u00e9vis\u00e9e sur le Service. La politique r\u00e9vis\u00e9e entrera en vigueur 180 jours apr\u00e8s sa publication sur le Service et votre acc\u00e8s ou utilisation continue du Service apr\u00e8s ce d\u00e9lai constituera votre acceptation de la politique de confidentialit\u00e9 r\u00e9vis\u00e9e. Nous vous recommandons donc de consulter r\u00e9guli\u00e8rement cette page.<\/p>\r\n\r\n\r\n\r\n<p><strong>Informations que nous collectons:<\/strong><\/p>\r\n\r\n\r\n\r\n<p class=\"has-small-font-size\">Nous collecterons et traiterons les informations personnelles suivantes vous concernant :<\/p>\r\n\r\n\r\n\r\n<ol class=\"has-small-font-size wp-block-list\">\r\n<li>Nom<\/li>\r\n\r\n\r\n\r\n<li>Nom de famille<\/li>\r\n\r\n\r\n\r\n<li>Adresse<\/li>\r\n\r\n\r\n\r\n<li>Nom de l&rsquo;entreprise<\/li>\r\n\r\n\r\n\r\n<li>Email<\/li>\r\n\r\n\r\n\r\n<li>T\u00e9l\u00e9phone<\/li>\r\n<\/ol>\r\n\r\n\r\n\r\n<p class=\"has-small-font-size\"><strong>Comment nous utilisons vos informations :<\/strong><br>Nous utiliserons les informations que nous collectons \u00e0 votre sujet aux fins suivantes :<\/p>\r\n\r\n\r\n\r\n<ol class=\"has-small-font-size wp-block-list\">\r\n<li>Soutien<\/li>\r\n\r\n\r\n\r\n<li>Informations administratives<\/li>\r\n\r\n\r\n\r\n<li>Commandes en ligne<\/li>\r\n<\/ol>\r\n\r\n\r\n\r\n<p class=\"has-small-font-size\">Si nous souhaitons utiliser vos informations \u00e0 d&rsquo;autres fins, nous vous demanderons votre consentement et utiliserons vos informations uniquement apr\u00e8s avoir re\u00e7u votre consentement et uniquement aux fins pour lesquelles vous avez accord\u00e9 votre consentement, \u00e0 moins que nous ne soyons tenus de faire autrement par la loi.<\/p>\r\n\r\n\r\n\r\n<p class=\"has-small-font-size\"><strong>Conservation de vos informations:<\/strong>Nous conserverons vos informations personnelles pendant 90 jours \u00e0 2 ans apr\u00e8s la r\u00e9siliation du compte de l&rsquo;utilisateur ou aussi longtemps que n\u00e9cessaire pour atteindre les objectifs pour lesquels elles ont \u00e9t\u00e9 collect\u00e9es, comme indiqu\u00e9 dans la pr\u00e9sente politique de confidentialit\u00e9. Nous pouvons avoir besoin de conserver certaines informations pendant des p\u00e9riodes plus longues, par exemple pour la tenue de registres\/rapports conform\u00e9ment \u00e0 la loi applicable ou pour d&rsquo;autres raisons l\u00e9gitimes telles que l&rsquo;application de droits l\u00e9gaux, la pr\u00e9vention de la fraude, etc. Les informations anonymes r\u00e9siduelles et les informations agr\u00e9g\u00e9es, qui ne vous identifient pas (directement ou indirectement), peuvent \u00eatre stock\u00e9es ind\u00e9finiment.<\/p>\r\n\r\n\r\n\r\n<p class=\"has-small-font-size\"><strong>Vos droits:<\/strong><br>Selon la loi applicable, vous pouvez avoir le droit d&rsquo;acc\u00e9der \u00e0 vos donn\u00e9es personnelles, de les rectifier ou de les effacer, ou de recevoir une copie de vos donn\u00e9es personnelles, de restreindre ou de vous opposer au traitement actif de vos donn\u00e9es, de nous demander de partager (transf\u00e9rer) vos informations personnelles \u00e0 une autre entit\u00e9, de retirer tout consentement que vous nous avez donn\u00e9 pour traiter vos donn\u00e9es, le droit de d\u00e9poser une plainte aupr\u00e8s d&rsquo;une autorit\u00e9 statutaire et tout autre droit pouvant \u00eatre pertinent en vertu des lois applicables. Pour exercer ces droits, vous pouvez nous \u00e9crire \u00e0 privacy[at]boltsrl.com. Nous r\u00e9pondrons \u00e0 votre demande conform\u00e9ment \u00e0 la loi applicable. Veuillez noter que si vous ne nous autorisez pas \u00e0 collecter ou \u00e0 traiter les informations personnelles requises ou si vous retirez votre consentement \u00e0 les traiter aux fins requises, vous ne pourrez peut-\u00eatre pas acc\u00e9der ou utiliser les services pour lesquels vos informations ont \u00e9t\u00e9 demand\u00e9es.<\/p>\r\n\r\n\r\n\r\n<p class=\"has-small-font-size\"><strong>Cookies Etc.<\/strong><br>Pour en savoir plus sur la mani\u00e8re dont nous les utilisons et sur vos choix concernant ces technologies de suivi, veuillez consulter notre politique en mati\u00e8re de cookies.<\/p>\r\n\r\n\r\n\r\n<p class=\"has-small-font-size\"><strong>Security:<\/strong><br>La s\u00e9curit\u00e9 de vos informations est importante pour nous et nous utiliserons des mesures de s\u00e9curit\u00e9 raisonnables pour emp\u00eacher la perte, l&rsquo;utilisation abusive ou la modification non autoris\u00e9e de vos informations sous notre contr\u00f4le. Cependant, compte tenu des risques inh\u00e9rents, nous ne pouvons pas garantir une s\u00e9curit\u00e9 absolue et, par cons\u00e9quent, nous ne pouvons pas assurer ou garantir la s\u00e9curit\u00e9 des informations que vous nous transmettez et vous le faites \u00e0 vos propres risques.<\/p>\r\n\r\n\r\n\r\n<p class=\"has-small-font-size\"><strong>D\u00e9l\u00e9gu\u00e9 aux r\u00e9clamations \/ \u00e0 la protection des donn\u00e9es:<\/strong><br>Si vous avez des questions ou des inqui\u00e9tudes concernant le traitement de vos informations dont nous disposons, vous pouvez envoyer un e-mail \u00e0 notre responsable des r\u00e9clamations chez BOLT SRL, TVA : IT04707530616, e-mail : privacy[at]boltsrl.com. Nous r\u00e9pondrons \u00e0 vos pr\u00e9occupations conform\u00e9ment \u00e0 la loi applicable.<\/p>\r\n\r\n\r\n\r\n<p class=\"has-small-font-size\"><\/p>\r\n","protected":false},"excerpt":{"rendered":"<p>Privacy PolicyLast Updated On 06-Apr-2023Effective Date 01-Apr-2023 Cette politique de confidentialit\u00e9 d\u00e9crit les politiques de blutronics.com, sur la collecte, l&rsquo;utilisation et la divulgation de vos informations que nous collectons lorsque vous utilisez notre site Web (https:\/\/www.blutronics.com ). (le \u00ab\u00a0Service\u00a0\u00bb). En acc\u00e9dant au Service ou en l&rsquo;utilisant, vous consentez \u00e0 la collecte, \u00e0 l&rsquo;utilisation et \u00e0 [&hellip;]<\/p>\n","protected":false},"author":1,"featured_media":0,"parent":0,"menu_order":0,"comment_status":"closed","ping_status":"closed","template":"","meta":{"footnotes":""},"class_list":["post-338","page","type-page","status-publish","hentry","post"],"yoast_head":"<!-- This site is optimized with the Yoast SEO plugin v27.2 - https:\/\/yoast.com\/product\/yoast-seo-wordpress\/ -->\n<title>Privacy Policy<\/title>\n<meta name=\"description\" content=\"Privacy PolicyLast Updated On 06-Apr-2023Effective Date 01-Apr-2023 Cette politique de confidentialit\u00e9 d\u00e9crit les politiques de blutronics.com, sur la collecte, l&#039;utilisation et la divulgation de vos informations que nous collectons lorsque vous utilisez notre site Web (https:\/\/www.blutronics.com ). (le &quot;Service&quot;). En acc\u00e9dant au Service ou en l&#039;utilisant, vous consentez \u00e0 la collecte, \u00e0 l&#039;utilisation et \u00e0\u2026\" \/>\n<meta name=\"robots\" content=\"index, follow, max-snippet:-1, max-image-preview:large, max-video-preview:-1\" \/>\n<link rel=\"canonical\" href=\"\" \/>\n<meta property=\"og:locale\" content=\"fr_FR\" \/>\n<meta property=\"og:type\" content=\"article\" \/>\n<meta property=\"og:title\" content=\"Privacy Policy\" \/>\n<meta property=\"og:description\" content=\"Privacy PolicyLast Updated On 06-Apr-2023Effective Date 01-Apr-2023 Cette politique de confidentialit\u00e9 d\u00e9crit les politiques de blutronics.com, sur la collecte, l&#039;utilisation et la divulgation de vos informations que nous collectons lorsque vous utilisez notre site Web (https:\/\/www.blutronics.com ). (le &quot;Service&quot;). En acc\u00e9dant au Service ou en l&#039;utilisant, vous consentez \u00e0 la collecte, \u00e0 l&#039;utilisation et \u00e0\u2026\" \/>\n<meta property=\"og:url\" content=\"https:\/\/www.blutronics.com\/fr\/privacy-policy\/\" \/>\n<meta property=\"og:site_name\" content=\"Smart Card Readers ISO7816 NFC Manufacturer\" \/>\n<meta property=\"article:modified_time\" content=\"2025-04-10T15:31:09+00:00\" \/>\n<meta name=\"twitter:card\" content=\"summary_large_image\" \/>\n<meta name=\"twitter:label1\" content=\"Est. reading time\" \/>\n\t<meta name=\"twitter:data1\" content=\"3 minutes\" \/>\n<script type=\"application\/ld+json\" class=\"yoast-schema-graph\">{\"@context\":\"https:\/\/schema.org\",\"@graph\":[{\"@type\":\"WebPage\",\"@id\":\"https:\/\/www.blutronics.com\/fr\/privacy-policy\/\",\"url\":\"https:\/\/www.blutronics.com\/fr\/privacy-policy\/\",\"name\":\"Privacy Policy | Smart Card Readers ISO7816 NFC Manufacturer\",\"isPartOf\":{\"@id\":\"https:\/\/www.blutronics.com\/#website\"},\"datePublished\":\"2023-05-05T17:48:12+00:00\",\"dateModified\":\"2025-04-10T15:31:09+00:00\",\"breadcrumb\":{\"@id\":\"https:\/\/www.blutronics.com\/fr\/privacy-policy\/#breadcrumb\"},\"inLanguage\":\"fr-FR\",\"potentialAction\":[{\"@type\":\"ReadAction\",\"target\":[\"https:\/\/www.blutronics.com\/fr\/privacy-policy\/\"]}]},{\"@type\":\"BreadcrumbList\",\"@id\":\"https:\/\/www.blutronics.com\/fr\/privacy-policy\/#breadcrumb\",\"itemListElement\":[{\"@type\":\"ListItem\",\"position\":1,\"name\":\"Home\",\"item\":\"https:\/\/www.blutronics.com\/\"},{\"@type\":\"ListItem\",\"position\":2,\"name\":\"Privacy Policy\"}]},{\"@type\":\"WebSite\",\"@id\":\"https:\/\/www.blutronics.com\/fr\/#website\",\"url\":\"https:\/\/www.blutronics.com\/fr\/\",\"name\":\"BLUTRONICS\",\"description\":\"\",\"publisher\":{\"@id\":\"https:\/\/www.blutronics.com\/fr\/#organization\"},\"potentialAction\":[{\"@type\":\"SearchAction\",\"target\":{\"@type\":\"EntryPoint\",\"urlTemplate\":\"https:\/\/www.blutronics.com\/fr\/?s={search_term_string}\"},\"query-input\":{\"@type\":\"PropertyValueSpecification\",\"valueRequired\":true,\"valueName\":\"search_term_string\"}}],\"inLanguage\":\"fr-FR\"},{\"@type\":\"Organization\",\"@id\":\"https:\/\/www.blutronics.com\/fr\/#organization\",\"name\":\"BOLT SRL\",\"url\":\"https:\/\/www.blutronics.com\/fr\/\",\"logo\":{\"@type\":\"ImageObject\",\"inLanguage\":\"fr-FR\",\"@id\":\"https:\/\/www.blutronics.com\/fr\/#\/schema\/logo\/image\/\",\"url\":\"https:\/\/www.blutronics.com\/wp-content\/uploads\/2023\/06\/blutronics_logo_696_696.webp\",\"contentUrl\":\"https:\/\/www.blutronics.com\/wp-content\/uploads\/2023\/06\/blutronics_logo_696_696.webp\",\"width\":696,\"height\":696,\"caption\":\"BOLT SRL\"},\"image\":{\"@id\":\"https:\/\/www.blutronics.com\/fr\/#\/schema\/logo\/image\/\"}}]}<\/script>\n<!-- \/ Yoast SEO plugin. -->","yoast_head_json":{"title":"Privacy Policy","description":"Privacy PolicyLast Updated On 06-Apr-2023Effective Date 01-Apr-2023 Cette politique de confidentialit\u00e9 d\u00e9crit les politiques de blutronics.com, sur la collecte, l'utilisation et la divulgation de vos informations que nous collectons lorsque vous utilisez notre site Web (https:\/\/www.blutronics.com ). (le \"Service\"). En acc\u00e9dant au Service ou en l'utilisant, vous consentez \u00e0 la collecte, \u00e0 l'utilisation et \u00e0\u2026","robots":{"index":"index","follow":"follow","max-snippet":"max-snippet:-1","max-image-preview":"max-image-preview:large","max-video-preview":"max-video-preview:-1"},"canonical":"Privacy PolicyLast Updated On 06-Apr-2023Effective Date 01-Apr-2023 Cette politique de confidentialit\u00e9 d\u00e9crit les politiques de blutronics.com, sur la collecte, l'utilisation et la divulgation de vos informations que nous collectons lorsque vous utilisez notre site Web (https:\/\/www.blutronics.com ). (le \"Service\"). En acc\u00e9dant au Service ou en l'utilisant, vous consentez \u00e0 la collecte, \u00e0 l'utilisation et \u00e0\u2026","og_locale":"fr_FR","og_type":"article","og_title":"Privacy Policy","og_description":"Privacy PolicyLast Updated On 06-Apr-2023Effective Date 01-Apr-2023 Cette politique de confidentialit\u00e9 d\u00e9crit les politiques de blutronics.com, sur la collecte, l'utilisation et la divulgation de vos informations que nous collectons lorsque vous utilisez notre site Web (https:\/\/www.blutronics.com ). (le \"Service\"). En acc\u00e9dant au Service ou en l'utilisant, vous consentez \u00e0 la collecte, \u00e0 l'utilisation et \u00e0\u2026","og_url":"https:\/\/www.blutronics.com\/fr\/privacy-policy\/","og_site_name":"Smart Card Readers ISO7816 NFC Manufacturer","article_modified_time":"2025-04-10T15:31:09+00:00","twitter_card":"summary_large_image","twitter_misc":{"Est. reading time":"3 minutes"},"schema":{"@context":"https:\/\/schema.org","@graph":[{"@type":"WebPage","@id":"https:\/\/www.blutronics.com\/fr\/privacy-policy\/","url":"https:\/\/www.blutronics.com\/fr\/privacy-policy\/","name":"Privacy Policy | Smart Card Readers ISO7816 NFC Manufacturer","isPartOf":{"@id":"https:\/\/www.blutronics.com\/#website"},"datePublished":"2023-05-05T17:48:12+00:00","dateModified":"2025-04-10T15:31:09+00:00","breadcrumb":{"@id":"https:\/\/www.blutronics.com\/fr\/privacy-policy\/#breadcrumb"},"inLanguage":"fr-FR","potentialAction":[{"@type":"ReadAction","target":["https:\/\/www.blutronics.com\/fr\/privacy-policy\/"]}]},{"@type":"BreadcrumbList","@id":"https:\/\/www.blutronics.com\/fr\/privacy-policy\/#breadcrumb","itemListElement":[{"@type":"ListItem","position":1,"name":"Home","item":"https:\/\/www.blutronics.com\/"},{"@type":"ListItem","position":2,"name":"Privacy Policy"}]},{"@type":"WebSite","@id":"https:\/\/www.blutronics.com\/fr\/#website","url":"https:\/\/www.blutronics.com\/fr\/","name":"BLUTRONICS","description":"","publisher":{"@id":"https:\/\/www.blutronics.com\/fr\/#organization"},"potentialAction":[{"@type":"SearchAction","target":{"@type":"EntryPoint","urlTemplate":"https:\/\/www.blutronics.com\/fr\/?s={search_term_string}"},"query-input":{"@type":"PropertyValueSpecification","valueRequired":true,"valueName":"search_term_string"}}],"inLanguage":"fr-FR"},{"@type":"Organization","@id":"https:\/\/www.blutronics.com\/fr\/#organization","name":"BOLT SRL","url":"https:\/\/www.blutronics.com\/fr\/","logo":{"@type":"ImageObject","inLanguage":"fr-FR","@id":"https:\/\/www.blutronics.com\/fr\/#\/schema\/logo\/image\/","url":"https:\/\/www.blutronics.com\/wp-content\/uploads\/2023\/06\/blutronics_logo_696_696.webp","contentUrl":"https:\/\/www.blutronics.com\/wp-content\/uploads\/2023\/06\/blutronics_logo_696_696.webp","width":696,"height":696,"caption":"BOLT SRL"},"image":{"@id":"https:\/\/www.blutronics.com\/fr\/#\/schema\/logo\/image\/"}}]}},"_links":{"self":[{"href":"https:\/\/www.blutronics.com\/fr\/wp-json\/wp\/v2\/pages\/338","targetHints":{"allow":["GET"]}}],"collection":[{"href":"https:\/\/www.blutronics.com\/fr\/wp-json\/wp\/v2\/pages"}],"about":[{"href":"https:\/\/www.blutronics.com\/fr\/wp-json\/wp\/v2\/types\/page"}],"author":[{"embeddable":true,"href":"https:\/\/www.blutronics.com\/fr\/wp-json\/wp\/v2\/users\/1"}],"replies":[{"embeddable":true,"href":"https:\/\/www.blutronics.com\/fr\/wp-json\/wp\/v2\/comments?post=338"}],"version-history":[{"count":2,"href":"https:\/\/www.blutronics.com\/fr\/wp-json\/wp\/v2\/pages\/338\/revisions"}],"predecessor-version":[{"id":431,"href":"https:\/\/www.blutronics.com\/fr\/wp-json\/wp\/v2\/pages\/338\/revisions\/431"}],"wp:attachment":[{"href":"https:\/\/www.blutronics.com\/fr\/wp-json\/wp\/v2\/media?parent=338"}],"curies":[{"name":"wp","href":"https:\/\/api.w.org\/{rel}","templated":true}]}}