{"id":79,"date":"2023-03-26T19:56:24","date_gmt":"2023-03-26T17:56:24","guid":{"rendered":"https:\/\/blutronics.com\/?page_id=79"},"modified":"2025-10-16T18:50:14","modified_gmt":"2025-10-16T16:50:14","slug":"contact-us","status":"publish","type":"page","link":"https:\/\/www.blutronics.com\/fr\/contact-us\/","title":{"rendered":"Contactez-nous"},"content":{"rendered":"\r\n<h1 class=\"wp-block-heading\">Contactez-Nous<\/h1>\r\n\r\n\r\n\r\n<h2 class=\"wp-block-heading\">Formulaire de contact pour demande de vente<\/h2>\r\n\r\n\r\n\r\n<p class=\"has-medium-font-size\">Pour toute demande d&rsquo;assistance technique, veuillez <a href=\"https:\/\/support.blutronics.com\/submit-ticket\" target=\"_blank\" rel=\"noreferrer noopener\">cliquer ici<\/a><\/p>\r\n\r\n\r\n\r\n<p><\/p>\r\n\r\n\r\n\r\n<div class=\"wp-block-contact-form-7-contact-form-selector\">\n<div class=\"wpcf7 no-js\" id=\"wpcf7-f597-o1\" lang=\"en-US\" dir=\"ltr\" data-wpcf7-id=\"597\">\n<div class=\"screen-reader-response\"><p role=\"status\" aria-live=\"polite\" aria-atomic=\"true\"><\/p> <ul><\/ul><\/div>\n<form action=\"\/fr\/wp-json\/wp\/v2\/pages\/79#wpcf7-f597-o1\" method=\"post\" class=\"wpcf7-form init\" aria-label=\"Contact form\" novalidate=\"novalidate\" data-status=\"init\">\n<fieldset class=\"hidden-fields-container\"><input type=\"hidden\" name=\"_wpcf7\" value=\"597\" \/><input type=\"hidden\" name=\"_wpcf7_version\" value=\"6.1.5\" \/><input type=\"hidden\" name=\"_wpcf7_locale\" value=\"en_US\" \/><input type=\"hidden\" name=\"_wpcf7_unit_tag\" value=\"wpcf7-f597-o1\" \/><input type=\"hidden\" name=\"_wpcf7_container_post\" value=\"0\" \/><input type=\"hidden\" name=\"_wpcf7_posted_data_hash\" value=\"\" \/>\n<\/fieldset>\n<div class=\"wpcf7-turnstile cf-turnstile\" data-sitekey=\"0x4AAAAAAB0qv6dCpOVhzg5B\" data-response-field-name=\"_wpcf7_turnstile_response\"><\/div>\n\n<p><label> Pr\u00e9nom*<br \/>\n<span class=\"wpcf7-form-control-wrap\" data-name=\"first-name\"><input size=\"40\" maxlength=\"400\" class=\"wpcf7-form-control wpcf7-text wpcf7-validates-as-required\" aria-required=\"true\" aria-invalid=\"false\" placeholder=\"Votre nom ici\" value=\"\" type=\"text\" name=\"first-name\" \/><\/span> <\/label>\n<\/p>\n<p><label> Nom de famille*<br \/>\n<span class=\"wpcf7-form-control-wrap\" data-name=\"last-name\"><input size=\"40\" maxlength=\"400\" class=\"wpcf7-form-control wpcf7-text wpcf7-validates-as-required\" aria-required=\"true\" aria-invalid=\"false\" placeholder=\"Votre nom de famille ici\" value=\"\" type=\"text\" name=\"last-name\" \/><\/span> <\/label>\n<\/p>\n<p><label> Email*<br \/>\n<span class=\"wpcf7-form-control-wrap\" data-name=\"your-email\"><input size=\"40\" maxlength=\"400\" class=\"wpcf7-form-control wpcf7-email wpcf7-validates-as-required wpcf7-text wpcf7-validates-as-email\" aria-required=\"true\" aria-invalid=\"false\" placeholder=\"Votre email ici\" value=\"\" type=\"email\" name=\"your-email\" \/><\/span> <\/label>\n<\/p>\n<p><label> T\u00e9l\u00e9phone*<br \/>\n<span class=\"wpcf7-form-control-wrap\" data-name=\"your-phone\"><input size=\"40\" maxlength=\"400\" class=\"wpcf7-form-control wpcf7-tel wpcf7-validates-as-required wpcf7-text wpcf7-validates-as-tel\" aria-required=\"true\" aria-invalid=\"false\" placeholder=\"Votre num\u00e9ro de t\u00e9l\u00e9phone ici\" value=\"\" type=\"tel\" name=\"your-phone\" \/><\/span> <\/label>\n<\/p>\n<p><label> Entreprise*<br \/>\n<span class=\"wpcf7-form-control-wrap\" data-name=\"company-name\"><input size=\"40\" maxlength=\"400\" class=\"wpcf7-form-control wpcf7-text wpcf7-validates-as-required\" aria-required=\"true\" aria-invalid=\"false\" placeholder=\"Le nom de votre entreprise ici\" value=\"\" type=\"text\" name=\"company-name\" \/><\/span> <\/label>\n<\/p>\n<p><label> Question<br \/>\n<span class=\"wpcf7-form-control-wrap\" data-name=\"your-question\"><textarea cols=\"40\" rows=\"10\" maxlength=\"2000\" class=\"wpcf7-form-control wpcf7-textarea\" aria-invalid=\"false\" placeholder=\"Votre question d\u00e9taill\u00e9e ici\" name=\"your-question\"><\/textarea><\/span> <\/label>\n<\/p>\n<p><input class=\"wpcf7-form-control wpcf7-submit has-spinner\" type=\"submit\" value=\"Soumettre\" \/>\n<\/p><div class=\"wpcf7-response-output\" aria-hidden=\"true\"><\/div>\n<\/form>\n<\/div>\n<\/div>\r\n","protected":false},"excerpt":{"rendered":"<p>Contactez-Nous Formulaire de contact pour demande de vente Pour toute demande d&rsquo;assistance technique, veuillez cliquer ici Pr\u00e9nom* Nom de famille* Email* T\u00e9l\u00e9phone* Entreprise* Question<\/p>\n","protected":false},"author":1,"featured_media":0,"parent":0,"menu_order":0,"comment_status":"closed","ping_status":"closed","template":"","meta":{"footnotes":""},"class_list":["post-79","page","type-page","status-publish","hentry","post"],"yoast_head":"<!-- This site is optimized with the Yoast SEO plugin v27.2 - https:\/\/yoast.com\/product\/yoast-seo-wordpress\/ -->\n<title>Contactez-nous<\/title>\n<meta name=\"description\" content=\"Blutronics con\u00e7oit et fabrique des lecteurs et des solutions de cartes \u00e0 puce, contactez-nous pour commander ou pour d\u00e9marrer une relation commerciale.\" \/>\n<meta name=\"robots\" content=\"index, follow, max-snippet:-1, max-image-preview:large, max-video-preview:-1\" \/>\n<link rel=\"canonical\" href=\"https:\/\/www.blutronics.com\/en\/contact-us\/\" \/>\n<meta property=\"og:locale\" content=\"fr_FR\" \/>\n<meta property=\"og:type\" content=\"article\" \/>\n<meta property=\"og:title\" content=\"Contactez-nous\" \/>\n<meta property=\"og:description\" content=\"Blutronics con\u00e7oit et fabrique des lecteurs et des solutions de cartes \u00e0 puce, contactez-nous pour commander ou pour d\u00e9marrer une relation commerciale.\" \/>\n<meta property=\"og:url\" content=\"https:\/\/www.blutronics.com\/en\/contact-us\/\" \/>\n<meta property=\"og:site_name\" content=\"Smart Card Readers ISO7816 NFC Manufacturer\" \/>\n<meta property=\"article:modified_time\" content=\"2025-10-16T16:50:14+00:00\" \/>\n<meta name=\"twitter:card\" content=\"summary_large_image\" \/>\n<meta name=\"twitter:label1\" content=\"Est. reading time\" \/>\n\t<meta name=\"twitter:data1\" content=\"1 minute\" \/>\n<script type=\"application\/ld+json\" class=\"yoast-schema-graph\">{\"@context\":\"https:\/\/schema.org\",\"@graph\":[{\"@type\":[\"WebPage\",\"ContactPage\"],\"@id\":\"https:\/\/www.blutronics.com\/fr\/contact-us\/\",\"url\":\"https:\/\/www.blutronics.com\/fr\/en\/contact-us\/\",\"name\":\"Contact Us | Smart Card Readers ISO7816 NFC Manufacturer\",\"isPartOf\":{\"@id\":\"https:\/\/www.blutronics.com\/#website\"},\"datePublished\":\"2023-03-26T17:56:24+00:00\",\"dateModified\":\"2025-10-16T16:50:14+00:00\",\"description\":\"Blutronics design and manufacture smartcard readers and solutions contact us to order or to start a business relationship.\",\"breadcrumb\":{\"@id\":\"https:\/\/www.blutronics.com\/en\/contact-us\/#breadcrumb\"},\"inLanguage\":\"fr-FR\",\"potentialAction\":[{\"@type\":\"ReadAction\",\"target\":[\"https:\/\/www.blutronics.com\/en\/contact-us\/\"]}]},{\"@type\":\"BreadcrumbList\",\"@id\":\"https:\/\/www.blutronics.com\/en\/contact-us\/#breadcrumb\",\"itemListElement\":[{\"@type\":\"ListItem\",\"position\":1,\"name\":\"Home\",\"item\":\"https:\/\/www.blutronics.com\/\"},{\"@type\":\"ListItem\",\"position\":2,\"name\":\"Contactez-nous\"}]},{\"@type\":\"WebSite\",\"@id\":\"https:\/\/www.blutronics.com\/fr\/#website\",\"url\":\"https:\/\/www.blutronics.com\/fr\/\",\"name\":\"BLUTRONICS\",\"description\":\"\",\"publisher\":{\"@id\":\"https:\/\/www.blutronics.com\/fr\/#organization\"},\"potentialAction\":[{\"@type\":\"SearchAction\",\"target\":{\"@type\":\"EntryPoint\",\"urlTemplate\":\"https:\/\/www.blutronics.com\/fr\/?s={search_term_string}\"},\"query-input\":{\"@type\":\"PropertyValueSpecification\",\"valueRequired\":true,\"valueName\":\"search_term_string\"}}],\"inLanguage\":\"fr-FR\"},{\"@type\":\"Organization\",\"@id\":\"https:\/\/www.blutronics.com\/fr\/#organization\",\"name\":\"BOLT SRL\",\"url\":\"https:\/\/www.blutronics.com\/fr\/\",\"logo\":{\"@type\":\"ImageObject\",\"inLanguage\":\"fr-FR\",\"@id\":\"https:\/\/www.blutronics.com\/fr\/#\/schema\/logo\/image\/\",\"url\":\"https:\/\/www.blutronics.com\/wp-content\/uploads\/2023\/06\/blutronics_logo_696_696.webp\",\"contentUrl\":\"https:\/\/www.blutronics.com\/wp-content\/uploads\/2023\/06\/blutronics_logo_696_696.webp\",\"width\":696,\"height\":696,\"caption\":\"BOLT SRL\"},\"image\":{\"@id\":\"https:\/\/www.blutronics.com\/fr\/#\/schema\/logo\/image\/\"}}]}<\/script>\n<!-- \/ Yoast SEO plugin. -->","yoast_head_json":{"title":"Contactez-nous","description":"Blutronics con\u00e7oit et fabrique des lecteurs et des solutions de cartes \u00e0 puce, contactez-nous pour commander ou pour d\u00e9marrer une relation commerciale.","robots":{"index":"index","follow":"follow","max-snippet":"max-snippet:-1","max-image-preview":"max-image-preview:large","max-video-preview":"max-video-preview:-1"},"canonical":"https:\/\/www.blutronics.com\/en\/contact-us\/","og_locale":"fr_FR","og_type":"article","og_title":"Contactez-nous","og_description":"Blutronics con\u00e7oit et fabrique des lecteurs et des solutions de cartes \u00e0 puce, contactez-nous pour commander ou pour d\u00e9marrer une relation commerciale.","og_url":"https:\/\/www.blutronics.com\/en\/contact-us\/","og_site_name":"Smart Card Readers ISO7816 NFC Manufacturer","article_modified_time":"2025-10-16T16:50:14+00:00","twitter_card":"summary_large_image","twitter_misc":{"Est. reading time":"1 minute"},"schema":{"@context":"https:\/\/schema.org","@graph":[{"@type":["WebPage","ContactPage"],"@id":"https:\/\/www.blutronics.com\/fr\/contact-us\/","url":"https:\/\/www.blutronics.com\/fr\/en\/contact-us\/","name":"Contact Us | Smart Card Readers ISO7816 NFC Manufacturer","isPartOf":{"@id":"https:\/\/www.blutronics.com\/#website"},"datePublished":"2023-03-26T17:56:24+00:00","dateModified":"2025-10-16T16:50:14+00:00","description":"Blutronics design and manufacture smartcard readers and solutions contact us to order or to start a business relationship.","breadcrumb":{"@id":"https:\/\/www.blutronics.com\/en\/contact-us\/#breadcrumb"},"inLanguage":"fr-FR","potentialAction":[{"@type":"ReadAction","target":["https:\/\/www.blutronics.com\/en\/contact-us\/"]}]},{"@type":"BreadcrumbList","@id":"https:\/\/www.blutronics.com\/en\/contact-us\/#breadcrumb","itemListElement":[{"@type":"ListItem","position":1,"name":"Home","item":"https:\/\/www.blutronics.com\/"},{"@type":"ListItem","position":2,"name":"Contactez-nous"}]},{"@type":"WebSite","@id":"https:\/\/www.blutronics.com\/fr\/#website","url":"https:\/\/www.blutronics.com\/fr\/","name":"BLUTRONICS","description":"","publisher":{"@id":"https:\/\/www.blutronics.com\/fr\/#organization"},"potentialAction":[{"@type":"SearchAction","target":{"@type":"EntryPoint","urlTemplate":"https:\/\/www.blutronics.com\/fr\/?s={search_term_string}"},"query-input":{"@type":"PropertyValueSpecification","valueRequired":true,"valueName":"search_term_string"}}],"inLanguage":"fr-FR"},{"@type":"Organization","@id":"https:\/\/www.blutronics.com\/fr\/#organization","name":"BOLT SRL","url":"https:\/\/www.blutronics.com\/fr\/","logo":{"@type":"ImageObject","inLanguage":"fr-FR","@id":"https:\/\/www.blutronics.com\/fr\/#\/schema\/logo\/image\/","url":"https:\/\/www.blutronics.com\/wp-content\/uploads\/2023\/06\/blutronics_logo_696_696.webp","contentUrl":"https:\/\/www.blutronics.com\/wp-content\/uploads\/2023\/06\/blutronics_logo_696_696.webp","width":696,"height":696,"caption":"BOLT SRL"},"image":{"@id":"https:\/\/www.blutronics.com\/fr\/#\/schema\/logo\/image\/"}}]}},"_links":{"self":[{"href":"https:\/\/www.blutronics.com\/fr\/wp-json\/wp\/v2\/pages\/79","targetHints":{"allow":["GET"]}}],"collection":[{"href":"https:\/\/www.blutronics.com\/fr\/wp-json\/wp\/v2\/pages"}],"about":[{"href":"https:\/\/www.blutronics.com\/fr\/wp-json\/wp\/v2\/types\/page"}],"author":[{"embeddable":true,"href":"https:\/\/www.blutronics.com\/fr\/wp-json\/wp\/v2\/users\/1"}],"replies":[{"embeddable":true,"href":"https:\/\/www.blutronics.com\/fr\/wp-json\/wp\/v2\/comments?post=79"}],"version-history":[{"count":3,"href":"https:\/\/www.blutronics.com\/fr\/wp-json\/wp\/v2\/pages\/79\/revisions"}],"predecessor-version":[{"id":997,"href":"https:\/\/www.blutronics.com\/fr\/wp-json\/wp\/v2\/pages\/79\/revisions\/997"}],"wp:attachment":[{"href":"https:\/\/www.blutronics.com\/fr\/wp-json\/wp\/v2\/media?parent=79"}],"curies":[{"name":"wp","href":"https:\/\/api.w.org\/{rel}","templated":true}]}}